{"id":616,"date":"2023-12-30T09:42:40","date_gmt":"2023-12-30T09:42:40","guid":{"rendered":"https:\/\/evoltcom.net\/?page_id=616"},"modified":"2023-12-30T09:44:19","modified_gmt":"2023-12-30T09:44:19","slug":"politica-de-privacidad","status":"publish","type":"page","link":"https:\/\/evoltcom.net\/index.php\/politica-de-privacidad\/","title":{"rendered":"Pol\u00edtica de Privacidad"},"content":{"rendered":"\t\t<div data-elementor-type=\"wp-page\" data-elementor-id=\"616\" class=\"elementor elementor-616\" data-elementor-post-type=\"page\">\n\t\t\t\t<div class=\"elementor-element elementor-element-f08c27b e-flex e-con-boxed e-con e-parent\" data-id=\"f08c27b\" data-element_type=\"container\" data-e-type=\"container\">\n\t\t\t\t\t<div class=\"e-con-inner\">\n\t\t\t\t<div class=\"elementor-element elementor-element-0255f89 elementor-widget elementor-widget-heading\" data-id=\"0255f89\" data-element_type=\"widget\" data-e-type=\"widget\" data-widget_type=\"heading.default\">\n\t\t\t\t<div class=\"elementor-widget-container\">\n\t\t\t\t\t<h2 class=\"elementor-heading-title elementor-size-default\">Pol\u00edtica de Privacidad<\/h2>\t\t\t\t<\/div>\n\t\t\t\t<\/div>\n\t\t\t\t<div class=\"elementor-element elementor-element-4c85e42 elementor-widget elementor-widget-text-editor\" data-id=\"4c85e42\" data-element_type=\"widget\" data-e-type=\"widget\" data-widget_type=\"text-editor.default\">\n\t\t\t\t<div class=\"elementor-widget-container\">\n\t\t\t\t\t\t\t\t\t<p>\u00a0EVOLUTIONCOMMUNITY declara su respeto y cumplimiento de las disposiciones recogidas en la Ley Org\u00e1nica 15\/1999, de 13 de Diciembre de Protecci\u00f3n de Datos de Car\u00e1cter Personal, y en la Ley 34\/2002 de Servicios de la Sociedad de la Informaci\u00f3n y de Comercio Electr\u00f3nico, as\u00ed como el cumplimiento de los niveles de seguridad de protecci\u00f3n de datos conforme al Real Decreto 1720\/2007, de 21 de Diciembre, declarando que se han establecido todos los medios t\u00e9cnicos para evitar la p\u00e9rdida, mal uso, alteraci\u00f3n, acceso no autorizado y robo de los ficheros automatizados que contengan datos de car\u00e1cter personal. No obstante lo anterior, el usuario debe ser consciente de que las medidas de seguridad en Internet no son inexpugnables y pueden existir filtraciones por actos fraudulentos de terceros. Asimismo, de acuerdo con lo establecido en la LOPD 15\/1999, le informamos que los datos que facilite a trav\u00e9s de la p\u00e1gina web se incluir\u00e1n en un fichero automatizado de datos de car\u00e1cter personal propiedad de EVOLUTIONCOMMUNITY y que quedar\u00e1 bajo responsabilidad de la empresa. Dichos datos ser\u00e1n tratados de forma confidencial y exclusiva por EVOLUTIONCOMMUNITY La recogida de datos se realizar\u00e1 mediante la cumplimentaci\u00f3n de los formularios de las distintas secciones de la p\u00e1gina web. Pulsando el bot\u00f3n de \u201cenviar\u201d del correspondiente formulario, el usuario consiente y acepta de forma expresa que sus datos pasen a formar parte del fichero automatizado y que sean utilizados con fines comerciales y de env\u00edo de informaci\u00f3n. Asimismo, y a menos que se indique lo contrario, las respuestas a preguntas de car\u00e1cter personal en los distintos formularios son voluntarias, sin que la falta de contestaci\u00f3n a dichas preguntas suponga una disminuci\u00f3n de los servicios solicitados. La falta de cumplimentaci\u00f3n de los campos determinados como obligatorios o el suministro de datos incorrectos impedir\u00e1 EVOLUTIONCOMMUNITY la prestaci\u00f3n de los servicios requeridos. Le informamos de la posibilidad de que ejerza los derechos de acceso, rectificaci\u00f3n, cancelaci\u00f3n y oposici\u00f3n de sus datos de car\u00e1cter personal, enviando un correo electr\u00f3nico a la direcci\u00f3n info@mishkiuchu.com en los t\u00e9rminos establecidos en la LOPD, o bien enviando una comunicaci\u00f3n escrita a la siguiente direcci\u00f3n: Paseo de Gracia 12, 1 piso. 08007 Barcelona, Espa\u00f1a<\/p>\t\t\t\t\t\t\t\t<\/div>\n\t\t\t\t<\/div>\n\t\t\t\t\t<\/div>\n\t\t\t\t<\/div>\n\t\t\t\t<\/div>\n\t\t","protected":false},"excerpt":{"rendered":"<p>Pol\u00edtica de Privacidad \u00a0EVOLUTIONCOMMUNITY declara su respeto y cumplimiento de las disposiciones recogidas en la Ley Org\u00e1nica 15\/1999, de 13 de Diciembre de Protecci\u00f3n de Datos de Car\u00e1cter Personal, y en la Ley 34\/2002 de Servicios de la Sociedad de la Informaci\u00f3n y de Comercio Electr\u00f3nico, as\u00ed como el cumplimiento de los niveles de seguridad [&hellip;]<\/p>\n","protected":false},"author":2,"featured_media":0,"parent":0,"menu_order":0,"comment_status":"closed","ping_status":"closed","template":"","meta":{"site-sidebar-layout":"no-sidebar","site-content-layout":"","ast-site-content-layout":"full-width-container","site-content-style":"default","site-sidebar-style":"default","ast-global-header-display":"","ast-banner-title-visibility":"","ast-main-header-display":"","ast-hfb-above-header-display":"","ast-hfb-below-header-display":"","ast-hfb-mobile-header-display":"","site-post-title":"disabled","ast-breadcrumbs-content":"","ast-featured-img":"disabled","footer-sml-layout":"","ast-disable-related-posts":"","theme-transparent-header-meta":"","adv-header-id-meta":"","stick-header-meta":"","header-above-stick-meta":"","header-main-stick-meta":"","header-below-stick-meta":"","astra-migrate-meta-layouts":"default","ast-page-background-enabled":"default","ast-page-background-meta":{"desktop":{"background-color":"var(--ast-global-color-4)","background-image":"","background-repeat":"repeat","background-position":"center center","background-size":"auto","background-attachment":"scroll","background-type":"","background-media":"","overlay-type":"","overlay-color":"","overlay-opacity":"","overlay-gradient":""},"tablet":{"background-color":"","background-image":"","background-repeat":"repeat","background-position":"center center","background-size":"auto","background-attachment":"scroll","background-type":"","background-media":"","overlay-type":"","overlay-color":"","overlay-opacity":"","overlay-gradient":""},"mobile":{"background-color":"","background-image":"","background-repeat":"repeat","background-position":"center center","background-size":"auto","background-attachment":"scroll","background-type":"","background-media":"","overlay-type":"","overlay-color":"","overlay-opacity":"","overlay-gradient":""}},"ast-content-background-meta":{"desktop":{"background-color":"var(--ast-global-color-5)","background-image":"","background-repeat":"repeat","background-position":"center center","background-size":"auto","background-attachment":"scroll","background-type":"","background-media":"","overlay-type":"","overlay-color":"","overlay-opacity":"","overlay-gradient":""},"tablet":{"background-color":"var(--ast-global-color-5)","background-image":"","background-repeat":"repeat","background-position":"center center","background-size":"auto","background-attachment":"scroll","background-type":"","background-media":"","overlay-type":"","overlay-color":"","overlay-opacity":"","overlay-gradient":""},"mobile":{"background-color":"var(--ast-global-color-5)","background-image":"","background-repeat":"repeat","background-position":"center center","background-size":"auto","background-attachment":"scroll","background-type":"","background-media":"","overlay-type":"","overlay-color":"","overlay-opacity":"","overlay-gradient":""}},"footnotes":""},"class_list":["post-616","page","type-page","status-publish","hentry"],"_hostinger_reach_plugin_has_subscription_block":false,"_hostinger_reach_plugin_is_elementor":false,"_links":{"self":[{"href":"https:\/\/evoltcom.net\/index.php\/wp-json\/wp\/v2\/pages\/616","targetHints":{"allow":["GET"]}}],"collection":[{"href":"https:\/\/evoltcom.net\/index.php\/wp-json\/wp\/v2\/pages"}],"about":[{"href":"https:\/\/evoltcom.net\/index.php\/wp-json\/wp\/v2\/types\/page"}],"author":[{"embeddable":true,"href":"https:\/\/evoltcom.net\/index.php\/wp-json\/wp\/v2\/users\/2"}],"replies":[{"embeddable":true,"href":"https:\/\/evoltcom.net\/index.php\/wp-json\/wp\/v2\/comments?post=616"}],"version-history":[{"count":0,"href":"https:\/\/evoltcom.net\/index.php\/wp-json\/wp\/v2\/pages\/616\/revisions"}],"wp:attachment":[{"href":"https:\/\/evoltcom.net\/index.php\/wp-json\/wp\/v2\/media?parent=616"}],"curies":[{"name":"wp","href":"https:\/\/api.w.org\/{rel}","templated":true}]}}