{"id":251,"date":"2023-12-29T17:13:13","date_gmt":"2023-12-29T17:13:13","guid":{"rendered":"https:\/\/evoltcom.net\/?page_id=251"},"modified":"2024-03-18T21:23:02","modified_gmt":"2024-03-18T21:23:02","slug":"duplase-de-quinton","status":"publish","type":"page","link":"https:\/\/evoltcom.net\/index.php\/duplase-de-quinton\/","title":{"rendered":"Duplase de Quinton"},"content":{"rendered":"\t\t<div data-elementor-type=\"wp-page\" data-elementor-id=\"251\" class=\"elementor elementor-251\" data-elementor-post-type=\"page\">\n\t\t\t\t<div class=\"elementor-element elementor-element-2aa9ac9 e-con-full e-flex e-con e-parent\" data-id=\"2aa9ac9\" data-element_type=\"container\" data-e-type=\"container\">\n\t\t\t\t<div class=\"elementor-element elementor-element-dd45cca elementor-widget elementor-widget-image\" data-id=\"dd45cca\" data-element_type=\"widget\" data-e-type=\"widget\" data-widget_type=\"image.default\">\n\t\t\t\t<div class=\"elementor-widget-container\">\n\t\t\t\t\t\t\t\t\t\t\t\t\t\t\t<img fetchpriority=\"high\" decoding=\"async\" width=\"1800\" height=\"600\" src=\"https:\/\/evoltcom.net\/wp-content\/uploads\/2023\/12\/banner-agua.webp\" class=\"attachment-full size-full wp-image-144\" alt=\"banner-Duplase de Quinton\" srcset=\"https:\/\/evoltcom.net\/wp-content\/uploads\/2023\/12\/banner-agua.webp 1800w, https:\/\/evoltcom.net\/wp-content\/uploads\/2023\/12\/banner-agua-300x100.webp 300w, https:\/\/evoltcom.net\/wp-content\/uploads\/2023\/12\/banner-agua-1024x341.webp 1024w, https:\/\/evoltcom.net\/wp-content\/uploads\/2023\/12\/banner-agua-768x256.webp 768w, https:\/\/evoltcom.net\/wp-content\/uploads\/2023\/12\/banner-agua-1536x512.webp 1536w\" sizes=\"(max-width: 1800px) 100vw, 1800px\" \/>\t\t\t\t\t\t\t\t\t\t\t\t\t\t\t<\/div>\n\t\t\t\t<\/div>\n\t\t\t\t<div class=\"elementor-element elementor-element-00afd87 elementor-widget elementor-widget-heading\" data-id=\"00afd87\" data-element_type=\"widget\" data-e-type=\"widget\" data-settings=\"{&quot;_animation&quot;:&quot;none&quot;,&quot;_animation_mobile&quot;:&quot;zoomIn&quot;}\" data-widget_type=\"heading.default\">\n\t\t\t\t<div class=\"elementor-widget-container\">\n\t\t\t\t\t<h2 class=\"elementor-heading-title elementor-size-default\">DUPLASE DE QUINTON | HYPERTONIC<\/h2>\t\t\t\t<\/div>\n\t\t\t\t<\/div>\n\t\t\t\t<\/div>\n\t\t<div class=\"elementor-element elementor-element-8650fed e-flex e-con-boxed e-con e-parent\" data-id=\"8650fed\" data-element_type=\"container\" data-e-type=\"container\">\n\t\t\t\t\t<div class=\"e-con-inner\">\n\t\t<div class=\"elementor-element elementor-element-0a1e709 e-con-full e-flex e-con e-child\" data-id=\"0a1e709\" data-element_type=\"container\" data-e-type=\"container\">\n\t\t\t\t<\/div>\n\t\t<div class=\"elementor-element elementor-element-bac5446 e-con-full e-flex e-con e-child\" data-id=\"bac5446\" data-element_type=\"container\" data-e-type=\"container\">\n\t\t\t\t<div class=\"elementor-element elementor-element-b435d4f elementor-widget elementor-widget-text-editor\" data-id=\"b435d4f\" data-element_type=\"widget\" data-e-type=\"widget\" data-widget_type=\"text-editor.default\">\n\t\t\t\t<div class=\"elementor-widget-container\">\n\t\t\t\t\t\t\t\t\t<p><strong>Duplase de Quinton<\/strong>\u00a0es una soluci\u00f3n hipert\u00f3nica de agua de mar pura 100% natural. Un complemento alimenticio que, gracias a su contenido en magnesio, contribuye a mantener una funci\u00f3n psicol\u00f3gica y un metabolismo energ\u00e9tico normales, as\u00ed como a disminuir el cansancio y la fatiga.<\/p>\t\t\t\t\t\t\t\t<\/div>\n\t\t\t\t<\/div>\n\t\t\t\t<\/div>\n\t\t<div class=\"elementor-element elementor-element-b1655a0 e-con-full e-flex e-con e-child\" data-id=\"b1655a0\" data-element_type=\"container\" data-e-type=\"container\">\n\t\t\t\t<\/div>\n\t\t\t\t\t<\/div>\n\t\t\t\t<\/div>\n\t\t<div class=\"elementor-element elementor-element-2f500b6 e-con-full e-flex e-con e-parent\" data-id=\"2f500b6\" data-element_type=\"container\" data-e-type=\"container\">\n\t\t<div class=\"elementor-element elementor-element-1066018 e-con-full e-flex e-con e-child\" data-id=\"1066018\" data-element_type=\"container\" data-e-type=\"container\">\n\t\t\t\t<div class=\"elementor-element elementor-element-be77621 elementor-widget elementor-widget-text-editor\" data-id=\"be77621\" data-element_type=\"widget\" data-e-type=\"widget\" data-widget_type=\"text-editor.default\">\n\t\t\t\t<div class=\"elementor-widget-container\">\n\t\t\t\t\t\t\t\t\t<p>El agua de mar Quinton es recogida en vortex fitoplanct\u00f3nicos y microfiltrada en fr\u00edo a 0,22 micras para garantizar su completa seguridad. Contiene hasta 78 elementos naturales y totalmente en estado biodisponible para una absorci\u00f3n r\u00e1pida y eficaz.<\/p><p><strong>Duplase de Quinton<\/strong> proporciona una gran variedad de micronutrientes inorg\u00e1nicos, ofreciendo una suplementaci\u00f3n nutricional de origen natural que, por su contenido en magnesio, contribuye al funcionamiento normal del sistema nervioso y m\u00fasculos, al proceso de divisi\u00f3n celular, adem\u00e1s de favorecer estados y procesos que dependen del equilibrio electrol\u00edtico, como la s\u00edntesis proteica normal y el mantenimiento de huesos y dientes en buenas condiciones.<\/p><p>Las ampollas bebibles <strong>Duplase de Quinton<\/strong> contienen los oligoelementos naturales y los minerales necesarios para el buen funcionamiento de nuestras c\u00e9lulas, por lo que es aconsejable para contribuir al equilibrio del organismo.<\/p>\t\t\t\t\t\t\t\t<\/div>\n\t\t\t\t<\/div>\n\t\t\t\t<div class=\"elementor-element elementor-element-b719404 elementor-widget elementor-widget-text-editor\" data-id=\"b719404\" data-element_type=\"widget\" data-e-type=\"widget\" data-widget_type=\"text-editor.default\">\n\t\t\t\t<div class=\"elementor-widget-container\">\n\t\t\t\t\t\t\t\t\t<p><strong>MODO DE EMPLEO<\/strong><\/p><p>Dosis diaria recomendada: 6 ampollas<\/p><p><strong style=\"font-size: 16px;\">CONTENIDO NETO:<\/strong><span style=\"font-size: 16px;\"> Caja con 36 ampollas bebibles de 10ml.<\/span><\/p><p>Las ampollas autorrompibles de <strong>Duplase de Quinton<\/strong> presentan en sus puntas 2 bandas. Para facilitar su apertura, se aconseja romper las ampollas seg\u00fan las siguientes indicaciones:<\/p><p>Con la ayuda del disco protector Quinton, coger una de las 2 puntas de la ampolla entre el pulgar y el \u00edndice a la altura del anillo.<\/p><p>Alejar la ampolla del vaso y romper la punta con un movimiento seco. Colocar la punta abierta sobre el vaso.<\/p><p>Romper la segunda punto del mismo modo que la vez anterior.<\/p><p>Recomendamos utilizar siempre el disco protector para mayor seguridad<\/p>\t\t\t\t\t\t\t\t<\/div>\n\t\t\t\t<\/div>\n\t\t\t\t<\/div>\n\t\t<div class=\"elementor-element elementor-element-eff3b7a e-con-full e-flex e-con e-child\" data-id=\"eff3b7a\" data-element_type=\"container\" data-e-type=\"container\">\n\t\t\t\t<div class=\"elementor-element elementor-element-61aee31 elementor-widget elementor-widget-image\" data-id=\"61aee31\" data-element_type=\"widget\" data-e-type=\"widget\" data-widget_type=\"image.default\">\n\t\t\t\t<div class=\"elementor-widget-container\">\n\t\t\t\t\t\t\t\t\t\t\t\t\t\t\t<img decoding=\"async\" width=\"559\" height=\"450\" src=\"https:\/\/evoltcom.net\/wp-content\/uploads\/2023\/12\/AMPLOLLAS.webp\" class=\"attachment-large size-large wp-image-256\" alt=\"AMPLOLLAS DUPLASE DE QUINTON | HYPERTONIC\" srcset=\"https:\/\/evoltcom.net\/wp-content\/uploads\/2023\/12\/AMPLOLLAS.webp 559w, https:\/\/evoltcom.net\/wp-content\/uploads\/2023\/12\/AMPLOLLAS-300x242.webp 300w\" sizes=\"(max-width: 559px) 100vw, 559px\" \/>\t\t\t\t\t\t\t\t\t\t\t\t\t\t\t<\/div>\n\t\t\t\t<\/div>\n\t\t\t\t<div class=\"elementor-element elementor-element-4929869 elementor-widget elementor-widget-text-editor\" data-id=\"4929869\" data-element_type=\"widget\" data-e-type=\"widget\" data-widget_type=\"text-editor.default\">\n\t\t\t\t<div class=\"elementor-widget-container\">\n\t\t\t\t\t\t\t\t\t<p><strong>Por su contenido en magnesio,\u00a0Duplase de Quinton:<\/strong><\/p><ul><li>Ayuda a disminuir el cansancio y la fatiga.<\/li><li>Contribuye al equilibrio electrol\u00edtico.<\/li><li>Contribuye al metabolismo energ\u00e9tico normal.<\/li><li>Contribuye al funcionamiento normal del sistema nervioso.<\/li><li>Contribuye al funcionamiento normal de los m\u00fasculos.<\/li><li>Contribuye a la s\u00edntesis proteica normal.<\/li><li>Contribuye a la funci\u00f3n psicol\u00f3gica normal.<\/li><li>Contribuye al mantenimiento de los huesos en condiciones normales.<\/li><li>Contribuye al mantenimiento de los dientes en condiciones normales.<\/li><li>Contribuye al proceso de divisi\u00f3n celular.<\/li><li>Los complementos alimenticios no deben utilizarse como sustituto de una dieta equilibrada y variada y un modo de vida sano.<\/li><li>No superar la dosis diaria recomendada (6 ampollas diarias).<\/li><\/ul><p><strong>INGREDIENTE: <\/strong>Agua de mar 100%. Sin conservantes, sin edulcorantes, sin az\u00facares.<\/p>\t\t\t\t\t\t\t\t<\/div>\n\t\t\t\t<\/div>\n\t\t\t\t<\/div>\n\t\t\t\t<\/div>\n\t\t<div class=\"elementor-element elementor-element-1433fb2 e-flex e-con-boxed e-con e-parent\" data-id=\"1433fb2\" data-element_type=\"container\" data-e-type=\"container\">\n\t\t\t\t\t<div class=\"e-con-inner\">\n\t\t<div class=\"elementor-element elementor-element-eb6eea3 e-con-full e-flex e-con e-child\" data-id=\"eb6eea3\" data-element_type=\"container\" data-e-type=\"container\">\n\t\t\t\t<\/div>\n\t\t<div class=\"elementor-element elementor-element-e0fe703 e-con-full e-flex e-con e-child\" data-id=\"e0fe703\" data-element_type=\"container\" data-e-type=\"container\">\n\t\t\t\t<div class=\"elementor-element elementor-element-353252a elementor-align-center elementor-widget elementor-widget-button\" data-id=\"353252a\" data-element_type=\"widget\" data-e-type=\"widget\" data-widget_type=\"button.default\">\n\t\t\t\t<div class=\"elementor-widget-container\">\n\t\t\t\t\t\t\t\t\t<div class=\"elementor-button-wrapper\">\n\t\t\t\t\t<a class=\"elementor-button elementor-button-link elementor-size-sm\" href=\"https:\/\/buy.stripe.com\/bIY6s8bAld4t5mUeV7\">\n\t\t\t\t\t\t<span class=\"elementor-button-content-wrapper\">\n\t\t\t\t\t\t\t\t\t<span class=\"elementor-button-text\">Comprar<\/span>\n\t\t\t\t\t<\/span>\n\t\t\t\t\t<\/a>\n\t\t\t\t<\/div>\n\t\t\t\t\t\t\t\t<\/div>\n\t\t\t\t<\/div>\n\t\t\t\t<\/div>\n\t\t<div class=\"elementor-element elementor-element-0f08ba0 e-con-full e-flex e-con e-child\" data-id=\"0f08ba0\" data-element_type=\"container\" data-e-type=\"container\">\n\t\t\t\t<\/div>\n\t\t\t\t\t<\/div>\n\t\t\t\t<\/div>\n\t\t\t\t<\/div>\n\t\t","protected":false},"excerpt":{"rendered":"<p>DUPLASE DE QUINTON | HYPERTONIC Duplase de Quinton\u00a0es una soluci\u00f3n hipert\u00f3nica de agua de mar pura 100% natural. Un complemento alimenticio que, gracias a su contenido en magnesio, contribuye a mantener una funci\u00f3n psicol\u00f3gica y un metabolismo energ\u00e9tico normales, as\u00ed como a disminuir el cansancio y la fatiga. El agua de mar Quinton es recogida [&hellip;]<\/p>\n","protected":false},"author":2,"featured_media":0,"parent":0,"menu_order":0,"comment_status":"closed","ping_status":"closed","template":"elementor_header_footer","meta":{"site-sidebar-layout":"no-sidebar","site-content-layout":"","ast-site-content-layout":"full-width-container","site-content-style":"default","site-sidebar-style":"default","ast-global-header-display":"","ast-banner-title-visibility":"","ast-main-header-display":"","ast-hfb-above-header-display":"","ast-hfb-below-header-display":"","ast-hfb-mobile-header-display":"","site-post-title":"disabled","ast-breadcrumbs-content":"","ast-featured-img":"disabled","footer-sml-layout":"","ast-disable-related-posts":"","theme-transparent-header-meta":"","adv-header-id-meta":"","stick-header-meta":"","header-above-stick-meta":"","header-main-stick-meta":"","header-below-stick-meta":"","astra-migrate-meta-layouts":"default","ast-page-background-enabled":"default","ast-page-background-meta":{"desktop":{"background-color":"var(--ast-global-color-4)","background-image":"","background-repeat":"repeat","background-position":"center center","background-size":"auto","background-attachment":"scroll","background-type":"","background-media":"","overlay-type":"","overlay-color":"","overlay-opacity":"","overlay-gradient":""},"tablet":{"background-color":"","background-image":"","background-repeat":"repeat","background-position":"center center","background-size":"auto","background-attachment":"scroll","background-type":"","background-media":"","overlay-type":"","overlay-color":"","overlay-opacity":"","overlay-gradient":""},"mobile":{"background-color":"","background-image":"","background-repeat":"repeat","background-position":"center center","background-size":"auto","background-attachment":"scroll","background-type":"","background-media":"","overlay-type":"","overlay-color":"","overlay-opacity":"","overlay-gradient":""}},"ast-content-background-meta":{"desktop":{"background-color":"var(--ast-global-color-5)","background-image":"","background-repeat":"repeat","background-position":"center center","background-size":"auto","background-attachment":"scroll","background-type":"","background-media":"","overlay-type":"","overlay-color":"","overlay-opacity":"","overlay-gradient":""},"tablet":{"background-color":"var(--ast-global-color-5)","background-image":"","background-repeat":"repeat","background-position":"center center","background-size":"auto","background-attachment":"scroll","background-type":"","background-media":"","overlay-type":"","overlay-color":"","overlay-opacity":"","overlay-gradient":""},"mobile":{"background-color":"var(--ast-global-color-5)","background-image":"","background-repeat":"repeat","background-position":"center center","background-size":"auto","background-attachment":"scroll","background-type":"","background-media":"","overlay-type":"","overlay-color":"","overlay-opacity":"","overlay-gradient":""}},"footnotes":""},"class_list":["post-251","page","type-page","status-publish","hentry"],"_hostinger_reach_plugin_has_subscription_block":false,"_hostinger_reach_plugin_is_elementor":false,"_links":{"self":[{"href":"https:\/\/evoltcom.net\/index.php\/wp-json\/wp\/v2\/pages\/251","targetHints":{"allow":["GET"]}}],"collection":[{"href":"https:\/\/evoltcom.net\/index.php\/wp-json\/wp\/v2\/pages"}],"about":[{"href":"https:\/\/evoltcom.net\/index.php\/wp-json\/wp\/v2\/types\/page"}],"author":[{"embeddable":true,"href":"https:\/\/evoltcom.net\/index.php\/wp-json\/wp\/v2\/users\/2"}],"replies":[{"embeddable":true,"href":"https:\/\/evoltcom.net\/index.php\/wp-json\/wp\/v2\/comments?post=251"}],"version-history":[{"count":0,"href":"https:\/\/evoltcom.net\/index.php\/wp-json\/wp\/v2\/pages\/251\/revisions"}],"wp:attachment":[{"href":"https:\/\/evoltcom.net\/index.php\/wp-json\/wp\/v2\/media?parent=251"}],"curies":[{"name":"wp","href":"https:\/\/api.w.org\/{rel}","templated":true}]}}