{"id":228,"date":"2023-12-29T16:48:37","date_gmt":"2023-12-29T16:48:37","guid":{"rendered":"https:\/\/evoltcom.net\/?page_id=228"},"modified":"2025-10-22T15:52:55","modified_gmt":"2025-10-22T15:52:55","slug":"fitoplanton","status":"publish","type":"page","link":"https:\/\/evoltcom.net\/index.php\/fitoplanton\/","title":{"rendered":"Fitoplanton"},"content":{"rendered":"\t\t<div data-elementor-type=\"wp-page\" data-elementor-id=\"228\" class=\"elementor elementor-228\" data-elementor-post-type=\"page\">\n\t\t\t\t<div class=\"elementor-element elementor-element-2aa9ac9 e-con-full e-flex e-con e-parent\" data-id=\"2aa9ac9\" data-element_type=\"container\" data-e-type=\"container\">\n\t\t\t\t<div class=\"elementor-element elementor-element-dd45cca elementor-widget elementor-widget-image\" data-id=\"dd45cca\" data-element_type=\"widget\" data-e-type=\"widget\" data-widget_type=\"image.default\">\n\t\t\t\t<div class=\"elementor-widget-container\">\n\t\t\t\t\t\t\t\t\t\t\t\t\t\t\t<img fetchpriority=\"high\" decoding=\"async\" width=\"1800\" height=\"600\" src=\"https:\/\/evoltcom.net\/wp-content\/uploads\/2023\/12\/banner-fitoplancton.webp\" class=\"attachment-full size-full wp-image-146\" alt=\"banner-fitoplancton\" srcset=\"https:\/\/evoltcom.net\/wp-content\/uploads\/2023\/12\/banner-fitoplancton.webp 1800w, https:\/\/evoltcom.net\/wp-content\/uploads\/2023\/12\/banner-fitoplancton-300x100.webp 300w, https:\/\/evoltcom.net\/wp-content\/uploads\/2023\/12\/banner-fitoplancton-1024x341.webp 1024w, https:\/\/evoltcom.net\/wp-content\/uploads\/2023\/12\/banner-fitoplancton-768x256.webp 768w, https:\/\/evoltcom.net\/wp-content\/uploads\/2023\/12\/banner-fitoplancton-1536x512.webp 1536w\" sizes=\"(max-width: 1800px) 100vw, 1800px\" \/>\t\t\t\t\t\t\t\t\t\t\t\t\t\t\t<\/div>\n\t\t\t\t<\/div>\n\t\t\t\t<div class=\"elementor-element elementor-element-00afd87 elementor-widget elementor-widget-heading\" data-id=\"00afd87\" data-element_type=\"widget\" data-e-type=\"widget\" data-settings=\"{&quot;_animation&quot;:&quot;none&quot;}\" data-widget_type=\"heading.default\">\n\t\t\t\t<div class=\"elementor-widget-container\">\n\t\t\t\t\t<h2 class=\"elementor-heading-title elementor-size-default\">Fitoplancton<\/h2>\t\t\t\t<\/div>\n\t\t\t\t<\/div>\n\t\t\t\t<\/div>\n\t\t<div class=\"elementor-element elementor-element-8650fed e-flex e-con-boxed e-con e-parent\" data-id=\"8650fed\" data-element_type=\"container\" data-e-type=\"container\">\n\t\t\t\t\t<div class=\"e-con-inner\">\n\t\t<div class=\"elementor-element elementor-element-0a1e709 e-con-full e-flex e-con e-child\" data-id=\"0a1e709\" data-element_type=\"container\" data-e-type=\"container\">\n\t\t\t\t<\/div>\n\t\t<div class=\"elementor-element elementor-element-bac5446 e-con-full e-flex e-con e-child\" data-id=\"bac5446\" data-element_type=\"container\" data-e-type=\"container\">\n\t\t\t\t<div class=\"elementor-element elementor-element-b435d4f elementor-widget elementor-widget-text-editor\" data-id=\"b435d4f\" data-element_type=\"widget\" data-e-type=\"widget\" data-widget_type=\"text-editor.default\">\n\t\t\t\t<div class=\"elementor-widget-container\">\n\t\t\t\t\t\t\t\t\t<p>\u00a1El\u00a0 <strong>Fitoplancton<\/strong> es definitivamente un superalimento \u00fanico! Es la base de la cadena alimentaria y, por tanto, contiene una impresionante variedad de nutrientes, incluidos \u00e1cidos grasos omega-3 (EPA), prote\u00ednas, clorofila, amino\u00e1cidos, minerales, pigmentos, enzimas y oligoelementos.<\/p>\t\t\t\t\t\t\t\t<\/div>\n\t\t\t\t<\/div>\n\t\t\t\t<\/div>\n\t\t<div class=\"elementor-element elementor-element-b1655a0 e-con-full e-flex e-con e-child\" data-id=\"b1655a0\" data-element_type=\"container\" data-e-type=\"container\">\n\t\t\t\t<\/div>\n\t\t\t\t\t<\/div>\n\t\t\t\t<\/div>\n\t\t<div class=\"elementor-element elementor-element-2f500b6 e-con-full e-flex e-con e-parent\" data-id=\"2f500b6\" data-element_type=\"container\" data-e-type=\"container\">\n\t\t<div class=\"elementor-element elementor-element-1066018 e-con-full e-flex e-con e-child\" data-id=\"1066018\" data-element_type=\"container\" data-e-type=\"container\">\n\t\t\t\t<div class=\"elementor-element elementor-element-c5cdf8e elementor-widget elementor-widget-image\" data-id=\"c5cdf8e\" data-element_type=\"widget\" data-e-type=\"widget\" data-widget_type=\"image.default\">\n\t\t\t\t<div class=\"elementor-widget-container\">\n\t\t\t\t\t\t\t\t\t\t\t\t\t\t\t<img decoding=\"async\" width=\"559\" height=\"450\" src=\"https:\/\/evoltcom.net\/wp-content\/uploads\/2023\/12\/fito-panto-envase.webp\" class=\"attachment-large size-large wp-image-230\" alt=\"fitoplanton envase\" srcset=\"https:\/\/evoltcom.net\/wp-content\/uploads\/2023\/12\/fito-panto-envase.webp 559w, https:\/\/evoltcom.net\/wp-content\/uploads\/2023\/12\/fito-panto-envase-300x242.webp 300w\" sizes=\"(max-width: 559px) 100vw, 559px\" \/>\t\t\t\t\t\t\t\t\t\t\t\t\t\t\t<\/div>\n\t\t\t\t<\/div>\n\t\t\t\t<div class=\"elementor-element elementor-element-36e451c elementor-widget elementor-widget-text-editor\" data-id=\"36e451c\" data-element_type=\"widget\" data-e-type=\"widget\" data-widget_type=\"text-editor.default\">\n\t\t\t\t<div class=\"elementor-widget-container\">\n\t\t\t\t\t\t\t\t\t<p>\u00a1Complemente su dieta con <strong>Fitoplancton<\/strong> <strong>Marino<\/strong> y experimente la diferencia! Ahora tambi\u00e9n disponible en pr\u00e1cticas c\u00e1psulas veganas.<\/p><p>El <strong>Fitoplancton<\/strong> <strong>Marino<\/strong> es muy nutritivo y proporciona un impresionante espectro de nutrientes como amino\u00e1cidos, clorofila, vitaminas, minerales y oligoelementos.<\/p><p>Pero el <strong>Fitoplancton<\/strong> <strong>Marino<\/strong> es \u00fanico porque es una fuente vegetariana del \u00e1cido graso omega-3 EPA, lo que lo convierte en un superalimento absolutamente esencial para incluir en nuestra dieta diaria.<\/p><p>\u00a1No es un producto exclusivamente para vegetarianos y veganos!<\/p>\t\t\t\t\t\t\t\t<\/div>\n\t\t\t\t<\/div>\n\t\t\t\t<div class=\"elementor-element elementor-element-b719404 elementor-widget elementor-widget-text-editor\" data-id=\"b719404\" data-element_type=\"widget\" data-e-type=\"widget\" data-widget_type=\"text-editor.default\">\n\t\t\t\t<div class=\"elementor-widget-container\">\n\t\t\t\t\t\t\t\t\t<p><strong>EL FITOPLANCTON MARINO INCLUYE<\/strong><\/p><p><strong>Clorofila:<\/strong> EPA (\u00e1cidos grasos esenciales omega-3 saludables) 5% por gramo<br \/><strong>Astaxantina y cantaxantina<\/strong> (antioxidantes importantes)<br \/><strong>Fosfol\u00edpidos<\/strong> (que ayudan en la absorci\u00f3n de EPA y otros \u00e1cidos grasos esenciales omega 3)<br \/><strong>Betacaroteno y zeaxantina<br \/><\/strong><strong>Violaxantina, anteraxantina, vaucheriaxantina<\/strong> (todos poderosos antioxidantes)<br \/><strong>Prote\u00edna completa<\/strong> (50%)<\/p><p><strong>Uso<\/strong>: 1 a 3 gramos por d\u00eda.<\/p><p><strong>CONTENIDO NETO:<\/strong>\u00a0 180 c\u00e1psulas<\/p>\t\t\t\t\t\t\t\t<\/div>\n\t\t\t\t<\/div>\n\t\t\t\t<\/div>\n\t\t<div class=\"elementor-element elementor-element-eff3b7a e-con-full e-flex e-con e-child\" data-id=\"eff3b7a\" data-element_type=\"container\" data-e-type=\"container\">\n\t\t\t\t<div class=\"elementor-element elementor-element-7d0e575 elementor-widget elementor-widget-text-editor\" data-id=\"7d0e575\" data-element_type=\"widget\" data-e-type=\"widget\" data-widget_type=\"text-editor.default\">\n\t\t\t\t<div class=\"elementor-widget-container\">\n\t\t\t\t\t\t\t\t\t<p>El <strong>Fitoplancton<\/strong> <strong>Marino<\/strong> es la \u00fanica fuente alimenticia vegetal rica en el \u00e1cido graso esencial omega-3 EPA. \u00c9ste tambi\u00e9n se convierte f\u00e1cilmente en DHA en el cuerpo. El cerebro humano se compone de m\u00e1s del 60% de grasa, de la cual aproximadamente la mitad es DHA.<\/p><p><strong>Composici\u00f3n media del Fitoplancton Marino<br \/>Valor nutricional por dosis diaria (2 gramos):<\/strong><\/p><table><tbody><tr><td><p>Energ\u00eda kJ\/kcal<\/p><\/td><td><p>32kJ \/ 8kcal<\/p><\/td><\/tr><tr><td><p>Gordo<\/p><\/td><td><p>0,36g<\/p><\/td><\/tr><tr><td><p>de los cuales saturados<\/p><\/td><td><p>0,09g<\/p><\/td><\/tr><tr><td><p>carbohidratos<\/p><\/td><td><p>0,14g<\/p><\/td><\/tr><tr><td><p>de los cuales az\u00facares<\/p><\/td><td><p>0,02g<\/p><\/td><\/tr><tr><td><p>Fibras<\/p><\/td><td><p>0,29g<\/p><\/td><\/tr><tr><td><p>Clara de huevo<\/p><\/td><td><p>0,85g<\/p><\/td><\/tr><tr><td><p>Salado<\/p><\/td><td><p>0,04g<\/p><\/td><\/tr><tr><td><p>Vitamina B12<\/p><\/td><td><p>4\u03bcg 160%<\/p><\/td><\/tr><tr><td><p>Yodo<\/p><\/td><td><p>80\u03bcg 53%<\/p><\/td><\/tr><tr><td><p>Omega 3<\/p><\/td><td><p>0,08g<\/p><\/td><\/tr><tr><td><p>Clorofila<\/p><\/td><td><p>0,05g<\/p><\/td><\/tr><\/tbody><\/table><div class=\"ce_t4c_column_start col-md-6 col-sm-6 block\"><div class=\"ce_text list-icons block\">\u00a0<\/div><\/div>\t\t\t\t\t\t\t\t<\/div>\n\t\t\t\t<\/div>\n\t\t\t\t<\/div>\n\t\t\t\t<\/div>\n\t\t<div class=\"elementor-element elementor-element-1433fb2 e-flex e-con-boxed e-con e-parent\" data-id=\"1433fb2\" data-element_type=\"container\" data-e-type=\"container\">\n\t\t\t\t\t<div class=\"e-con-inner\">\n\t\t<div class=\"elementor-element elementor-element-eb6eea3 e-con-full e-flex e-con e-child\" data-id=\"eb6eea3\" data-element_type=\"container\" data-e-type=\"container\">\n\t\t\t\t<\/div>\n\t\t<div class=\"elementor-element elementor-element-e0fe703 e-con-full e-flex e-con e-child\" data-id=\"e0fe703\" data-element_type=\"container\" data-e-type=\"container\">\n\t\t\t\t<div class=\"elementor-element elementor-element-353252a elementor-align-center elementor-widget elementor-widget-button\" data-id=\"353252a\" data-element_type=\"widget\" data-e-type=\"widget\" data-widget_type=\"button.default\">\n\t\t\t\t<div class=\"elementor-widget-container\">\n\t\t\t\t\t\t\t\t\t<div class=\"elementor-button-wrapper\">\n\t\t\t\t\t<a class=\"elementor-button elementor-button-link elementor-size-sm\" href=\"https:\/\/buy.stripe.com\/eVqfZgfOd2Bk5gqfoCfQI0U\">\n\t\t\t\t\t\t<span class=\"elementor-button-content-wrapper\">\n\t\t\t\t\t\t\t\t\t<span class=\"elementor-button-text\">Comprar<\/span>\n\t\t\t\t\t<\/span>\n\t\t\t\t\t<\/a>\n\t\t\t\t<\/div>\n\t\t\t\t\t\t\t\t<\/div>\n\t\t\t\t<\/div>\n\t\t\t\t<\/div>\n\t\t<div class=\"elementor-element elementor-element-0f08ba0 e-con-full e-flex e-con e-child\" data-id=\"0f08ba0\" data-element_type=\"container\" data-e-type=\"container\">\n\t\t\t\t<\/div>\n\t\t\t\t\t<\/div>\n\t\t\t\t<\/div>\n\t\t\t\t<\/div>\n\t\t","protected":false},"excerpt":{"rendered":"<p>Fitoplancton \u00a1El\u00a0 Fitoplancton es definitivamente un superalimento \u00fanico! Es la base de la cadena alimentaria y, por tanto, contiene una impresionante variedad de nutrientes, incluidos \u00e1cidos grasos omega-3 (EPA), prote\u00ednas, clorofila, amino\u00e1cidos, minerales, pigmentos, enzimas y oligoelementos. \u00a1Complemente su dieta con Fitoplancton Marino y experimente la diferencia! Ahora tambi\u00e9n disponible en pr\u00e1cticas c\u00e1psulas veganas. El [&hellip;]<\/p>\n","protected":false},"author":2,"featured_media":0,"parent":0,"menu_order":0,"comment_status":"closed","ping_status":"closed","template":"elementor_header_footer","meta":{"site-sidebar-layout":"no-sidebar","site-content-layout":"","ast-site-content-layout":"full-width-container","site-content-style":"default","site-sidebar-style":"default","ast-global-header-display":"","ast-banner-title-visibility":"","ast-main-header-display":"","ast-hfb-above-header-display":"","ast-hfb-below-header-display":"","ast-hfb-mobile-header-display":"","site-post-title":"disabled","ast-breadcrumbs-content":"","ast-featured-img":"disabled","footer-sml-layout":"","ast-disable-related-posts":"","theme-transparent-header-meta":"","adv-header-id-meta":"","stick-header-meta":"","header-above-stick-meta":"","header-main-stick-meta":"","header-below-stick-meta":"","astra-migrate-meta-layouts":"default","ast-page-background-enabled":"default","ast-page-background-meta":{"desktop":{"background-color":"var(--ast-global-color-4)","background-image":"","background-repeat":"repeat","background-position":"center center","background-size":"auto","background-attachment":"scroll","background-type":"","background-media":"","overlay-type":"","overlay-color":"","overlay-opacity":"","overlay-gradient":""},"tablet":{"background-color":"","background-image":"","background-repeat":"repeat","background-position":"center center","background-size":"auto","background-attachment":"scroll","background-type":"","background-media":"","overlay-type":"","overlay-color":"","overlay-opacity":"","overlay-gradient":""},"mobile":{"background-color":"","background-image":"","background-repeat":"repeat","background-position":"center center","background-size":"auto","background-attachment":"scroll","background-type":"","background-media":"","overlay-type":"","overlay-color":"","overlay-opacity":"","overlay-gradient":""}},"ast-content-background-meta":{"desktop":{"background-color":"var(--ast-global-color-5)","background-image":"","background-repeat":"repeat","background-position":"center center","background-size":"auto","background-attachment":"scroll","background-type":"","background-media":"","overlay-type":"","overlay-color":"","overlay-opacity":"","overlay-gradient":""},"tablet":{"background-color":"var(--ast-global-color-5)","background-image":"","background-repeat":"repeat","background-position":"center center","background-size":"auto","background-attachment":"scroll","background-type":"","background-media":"","overlay-type":"","overlay-color":"","overlay-opacity":"","overlay-gradient":""},"mobile":{"background-color":"var(--ast-global-color-5)","background-image":"","background-repeat":"repeat","background-position":"center center","background-size":"auto","background-attachment":"scroll","background-type":"","background-media":"","overlay-type":"","overlay-color":"","overlay-opacity":"","overlay-gradient":""}},"footnotes":""},"class_list":["post-228","page","type-page","status-publish","hentry"],"_hostinger_reach_plugin_has_subscription_block":false,"_hostinger_reach_plugin_is_elementor":false,"_links":{"self":[{"href":"https:\/\/evoltcom.net\/index.php\/wp-json\/wp\/v2\/pages\/228","targetHints":{"allow":["GET"]}}],"collection":[{"href":"https:\/\/evoltcom.net\/index.php\/wp-json\/wp\/v2\/pages"}],"about":[{"href":"https:\/\/evoltcom.net\/index.php\/wp-json\/wp\/v2\/types\/page"}],"author":[{"embeddable":true,"href":"https:\/\/evoltcom.net\/index.php\/wp-json\/wp\/v2\/users\/2"}],"replies":[{"embeddable":true,"href":"https:\/\/evoltcom.net\/index.php\/wp-json\/wp\/v2\/comments?post=228"}],"version-history":[{"count":3,"href":"https:\/\/evoltcom.net\/index.php\/wp-json\/wp\/v2\/pages\/228\/revisions"}],"predecessor-version":[{"id":736,"href":"https:\/\/evoltcom.net\/index.php\/wp-json\/wp\/v2\/pages\/228\/revisions\/736"}],"wp:attachment":[{"href":"https:\/\/evoltcom.net\/index.php\/wp-json\/wp\/v2\/media?parent=228"}],"curies":[{"name":"wp","href":"https:\/\/api.w.org\/{rel}","templated":true}]}}