{"id":216,"date":"2023-12-29T16:11:22","date_gmt":"2023-12-29T16:11:22","guid":{"rendered":"https:\/\/evoltcom.net\/?page_id=216"},"modified":"2025-10-22T15:51:38","modified_gmt":"2025-10-22T15:51:38","slug":"renu-28","status":"publish","type":"page","link":"https:\/\/evoltcom.net\/index.php\/renu-28\/","title":{"rendered":"Renu 28"},"content":{"rendered":"\t\t<div data-elementor-type=\"wp-page\" data-elementor-id=\"216\" class=\"elementor elementor-216\" data-elementor-post-type=\"page\">\n\t\t\t\t<div class=\"elementor-element elementor-element-2aa9ac9 e-con-full e-flex e-con e-parent\" data-id=\"2aa9ac9\" data-element_type=\"container\" data-e-type=\"container\">\n\t\t\t\t<div class=\"elementor-element elementor-element-dd45cca elementor-widget elementor-widget-image\" data-id=\"dd45cca\" data-element_type=\"widget\" data-e-type=\"widget\" data-widget_type=\"image.default\">\n\t\t\t\t<div class=\"elementor-widget-container\">\n\t\t\t\t\t\t\t\t\t\t\t\t\t\t\t<img fetchpriority=\"high\" decoding=\"async\" width=\"1800\" height=\"600\" src=\"https:\/\/evoltcom.net\/wp-content\/uploads\/2023\/12\/banner-renu.webp\" class=\"attachment-full size-full wp-image-150\" alt=\"banner-renu\" srcset=\"https:\/\/evoltcom.net\/wp-content\/uploads\/2023\/12\/banner-renu.webp 1800w, https:\/\/evoltcom.net\/wp-content\/uploads\/2023\/12\/banner-renu-300x100.webp 300w, https:\/\/evoltcom.net\/wp-content\/uploads\/2023\/12\/banner-renu-1024x341.webp 1024w, https:\/\/evoltcom.net\/wp-content\/uploads\/2023\/12\/banner-renu-768x256.webp 768w, https:\/\/evoltcom.net\/wp-content\/uploads\/2023\/12\/banner-renu-1536x512.webp 1536w\" sizes=\"(max-width: 1800px) 100vw, 1800px\" \/>\t\t\t\t\t\t\t\t\t\t\t\t\t\t\t<\/div>\n\t\t\t\t<\/div>\n\t\t\t\t<div class=\"elementor-element elementor-element-00afd87 elementor-widget elementor-widget-heading\" data-id=\"00afd87\" data-element_type=\"widget\" data-e-type=\"widget\" data-settings=\"{&quot;_animation&quot;:&quot;none&quot;,&quot;_animation_mobile&quot;:&quot;zoomIn&quot;}\" data-widget_type=\"heading.default\">\n\t\t\t\t<div class=\"elementor-widget-container\">\n\t\t\t\t\t<h2 class=\"elementor-heading-title elementor-size-default\">RENU 28 <\/h2>\t\t\t\t<\/div>\n\t\t\t\t<\/div>\n\t\t\t\t<\/div>\n\t\t<div class=\"elementor-element elementor-element-8650fed e-flex e-con-boxed e-con e-parent\" data-id=\"8650fed\" data-element_type=\"container\" data-e-type=\"container\">\n\t\t\t\t\t<div class=\"e-con-inner\">\n\t\t<div class=\"elementor-element elementor-element-0a1e709 e-con-full e-flex e-con e-child\" data-id=\"0a1e709\" data-element_type=\"container\" data-e-type=\"container\">\n\t\t\t\t<\/div>\n\t\t<div class=\"elementor-element elementor-element-bac5446 e-con-full e-flex e-con e-child\" data-id=\"bac5446\" data-element_type=\"container\" data-e-type=\"container\">\n\t\t\t\t<div class=\"elementor-element elementor-element-b435d4f elementor-widget elementor-widget-text-editor\" data-id=\"b435d4f\" data-element_type=\"widget\" data-e-type=\"widget\" data-widget_type=\"text-editor.default\">\n\t\t\t\t<div class=\"elementor-widget-container\">\n\t\t\t\t\t\t\t\t\t<p>La tecnolog\u00eda de se\u00f1alizaci\u00f3n Redox en <strong>Renu 28<\/strong> permite la comunicaci\u00f3n a nivel celular, que apoya el cuerpo en el rejuvenecimiento de c\u00e9lulas de la piel.<\/p>\t\t\t\t\t\t\t\t<\/div>\n\t\t\t\t<\/div>\n\t\t\t\t<\/div>\n\t\t<div class=\"elementor-element elementor-element-b1655a0 e-con-full e-flex e-con e-child\" data-id=\"b1655a0\" data-element_type=\"container\" data-e-type=\"container\">\n\t\t\t\t<\/div>\n\t\t\t\t\t<\/div>\n\t\t\t\t<\/div>\n\t\t<div class=\"elementor-element elementor-element-2f500b6 e-con-full e-flex e-con e-parent\" data-id=\"2f500b6\" data-element_type=\"container\" data-e-type=\"container\">\n\t\t<div class=\"elementor-element elementor-element-1066018 e-con-full e-flex e-con e-child\" data-id=\"1066018\" data-element_type=\"container\" data-e-type=\"container\">\n\t\t\t\t<div class=\"elementor-element elementor-element-f0afd36 elementor-widget elementor-widget-text-editor\" data-id=\"f0afd36\" data-element_type=\"widget\" data-e-type=\"widget\" data-widget_type=\"text-editor.default\">\n\t\t\t\t<div class=\"elementor-widget-container\">\n\t\t\t\t\t\t\t\t\t<p><strong>RENU 28<\/strong> fomenta la fortaleza y vitalidad de las c\u00e9lulas cut\u00e1neas con la ayuda de los esfuerzos naturales del cuerpo para mantener la piel con una apariencia sana.<br \/><br \/>Los principios cient\u00edficos en los que se basa <strong>RENU 28<\/strong> ofrecen un tratamiento suave y eficaz que mitiga los efectos del envejecimiento y da respuesta a las exigencias de la piel. <br \/><br \/>Gracias a la tecnolog\u00eda de se\u00f1alizaci\u00f3n redox, este exclusivo gel proporciona un apoyo fundamental a los mecanismos celulares que constituyen los cimientos de la estructura de la piel. <br \/><br \/><strong>RENU 28<\/strong> permite la comunicaci\u00f3n cr\u00edtica entre las c\u00e9lulas cut\u00e1neas a fin de garantizar una asistencia y reaprovisionamiento \u00f3ptimos.<br \/><br \/>Hemos tomado lo que es natural e innato para el cuerpo y lo hemos incorporado a un gel concentrado que puede utilizarse para el cuidado de la piel. <strong>RENU 28<\/strong> refuerza las c\u00e9lulas cut\u00e1neas y es un complemento de su proceso natural de renovaci\u00f3n.<\/p>\t\t\t\t\t\t\t\t<\/div>\n\t\t\t\t<\/div>\n\t\t\t\t<div class=\"elementor-element elementor-element-b719404 elementor-widget elementor-widget-text-editor\" data-id=\"b719404\" data-element_type=\"widget\" data-e-type=\"widget\" data-widget_type=\"text-editor.default\">\n\t\t\t\t<div class=\"elementor-widget-container\">\n\t\t\t\t\t\t\t\t\t<p><strong>BENEFICIOS DEL PRODUCTO<\/strong><\/p><p>Fomenta la apariencia juvenil de la piel<br \/>Reduce la aparici\u00f3n de las arrugas y las l\u00edneas de expresi\u00f3n<br \/>Aumenta la hidrataci\u00f3m<br \/>Aumenta la tersura de la piel<\/p><p><strong>Aplicaci\u00f3n:<br \/><\/strong>Aplicar por la ma\u00f1ana y a noche sobre la piel limpia antes del uso de otros productos.<br \/><strong>Renu 28<\/strong> se puede combinar con todos los productos de cuidado de la piel.<\/p><p><strong>CONTENIDO NETO:<\/strong>\u00a0 80 ml.<\/p>\t\t\t\t\t\t\t\t<\/div>\n\t\t\t\t<\/div>\n\t\t\t\t<\/div>\n\t\t<div class=\"elementor-element elementor-element-eff3b7a e-con-full e-flex e-con e-child\" data-id=\"eff3b7a\" data-element_type=\"container\" data-e-type=\"container\">\n\t\t\t\t<div class=\"elementor-element elementor-element-1667dee elementor-widget elementor-widget-video\" data-id=\"1667dee\" data-element_type=\"widget\" data-e-type=\"widget\" data-settings=\"{&quot;youtube_url&quot;:&quot;https:\\\/\\\/youtu.be\\\/8o3JIZuxIWQ?si=8_0z21zKGAI3OA2A&quot;,&quot;video_type&quot;:&quot;youtube&quot;,&quot;controls&quot;:&quot;yes&quot;}\" data-widget_type=\"video.default\">\n\t\t\t\t<div class=\"elementor-widget-container\">\n\t\t\t\t\t\t\t<div class=\"elementor-wrapper elementor-open-inline\">\n\t\t\t<div class=\"elementor-video\"><\/div>\t\t<\/div>\n\t\t\t\t\t\t<\/div>\n\t\t\t\t<\/div>\n\t\t\t\t<div class=\"elementor-element elementor-element-8623e4f elementor-widget-divider--view-line elementor-widget elementor-widget-divider\" data-id=\"8623e4f\" data-element_type=\"widget\" data-e-type=\"widget\" data-widget_type=\"divider.default\">\n\t\t\t\t<div class=\"elementor-widget-container\">\n\t\t\t\t\t\t\t<div class=\"elementor-divider\">\n\t\t\t<span class=\"elementor-divider-separator\">\n\t\t\t\t\t\t<\/span>\n\t\t<\/div>\n\t\t\t\t\t\t<\/div>\n\t\t\t\t<\/div>\n\t\t\t\t<div class=\"elementor-element elementor-element-7d0e575 elementor-widget elementor-widget-text-editor\" data-id=\"7d0e575\" data-element_type=\"widget\" data-e-type=\"widget\" data-widget_type=\"text-editor.default\">\n\t\t\t\t<div class=\"elementor-widget-container\">\n\t\t\t\t\t\t\t\t\t<p><strong>CARACTER\u00cdSTICAS<\/strong>:<br \/>Revitalizante<br \/>Sin conservantes<br \/>No comedog\u00e9nico<br \/>Hipoalerg\u00e9nico<br \/>Textura: Gel<br \/>Para todo tipo de piel (hombre y mujer)<br \/>Sin pruebas en animales<\/p><p><strong>RESULTADOS:<br \/><\/strong><span style=\"font-size: 16px;\">Uno de los Institutos mas prestigioso del mundo ha probado <strong>Renu 28<\/strong> clinicamente <\/span><span style=\"font-size: 16px;\">y se encontr\u00f3 que ser excepcional.<br \/><\/span><span style=\"font-size: 16px;\">El resultado de la prueba despu\u00e8s de 28 d\u00edas (prueba de la piel facial) era la siguiente:<\/span><\/p><div class=\"ce_t4c_column_start col-md-6 col-sm-6 block\"><div class=\"ce_text list-icons block\"><ul><li class=\"icon-fontawesome-webfont-28\">21% menos profundidad de las arrugas alrededor de los ojos<\/li><li class=\"icon-fontawesome-webfont-28\">23% superficial profundidad de las arrugas<\/li><li class=\"icon-fontawesome-webfont-28\">22% mejora la textura de la piel<\/li><li class=\"icon-fontawesome-webfont-28\">23% piel mas suave<\/li><li class=\"icon-fontawesome-webfont-28\">20% mejora la elasticidad de la piel<\/li><li class=\"icon-fontawesome-webfont-28\">11% aumento medio del grado de humedad de la piel<\/li><\/ul><\/div><\/div>\t\t\t\t\t\t\t\t<\/div>\n\t\t\t\t<\/div>\n\t\t\t\t<\/div>\n\t\t\t\t<\/div>\n\t\t<div class=\"elementor-element elementor-element-1433fb2 e-flex e-con-boxed e-con e-parent\" data-id=\"1433fb2\" data-element_type=\"container\" data-e-type=\"container\">\n\t\t\t\t\t<div class=\"e-con-inner\">\n\t\t<div class=\"elementor-element elementor-element-eb6eea3 e-con-full e-flex e-con e-child\" data-id=\"eb6eea3\" data-element_type=\"container\" data-e-type=\"container\">\n\t\t\t\t<\/div>\n\t\t<div class=\"elementor-element elementor-element-e0fe703 e-con-full e-flex e-con e-child\" data-id=\"e0fe703\" data-element_type=\"container\" data-e-type=\"container\">\n\t\t\t\t<div class=\"elementor-element elementor-element-353252a elementor-align-center elementor-widget elementor-widget-button\" data-id=\"353252a\" data-element_type=\"widget\" data-e-type=\"widget\" data-widget_type=\"button.default\">\n\t\t\t\t<div class=\"elementor-widget-container\">\n\t\t\t\t\t\t\t\t\t<div class=\"elementor-button-wrapper\">\n\t\t\t\t\t<a class=\"elementor-button elementor-button-link elementor-size-sm\" href=\"https:\/\/buy.stripe.com\/8x27sKeK9dfY4cmb8mfQI0W\">\n\t\t\t\t\t\t<span class=\"elementor-button-content-wrapper\">\n\t\t\t\t\t\t\t\t\t<span class=\"elementor-button-text\">Comprar<\/span>\n\t\t\t\t\t<\/span>\n\t\t\t\t\t<\/a>\n\t\t\t\t<\/div>\n\t\t\t\t\t\t\t\t<\/div>\n\t\t\t\t<\/div>\n\t\t\t\t<\/div>\n\t\t<div class=\"elementor-element elementor-element-0f08ba0 e-con-full e-flex e-con e-child\" data-id=\"0f08ba0\" data-element_type=\"container\" data-e-type=\"container\">\n\t\t\t\t<\/div>\n\t\t\t\t\t<\/div>\n\t\t\t\t<\/div>\n\t\t\t\t<\/div>\n\t\t","protected":false},"excerpt":{"rendered":"<p>RENU 28 La tecnolog\u00eda de se\u00f1alizaci\u00f3n Redox en Renu 28 permite la comunicaci\u00f3n a nivel celular, que apoya el cuerpo en el rejuvenecimiento de c\u00e9lulas de la piel. RENU 28 fomenta la fortaleza y vitalidad de las c\u00e9lulas cut\u00e1neas con la ayuda de los esfuerzos naturales del cuerpo para mantener la piel con una apariencia [&hellip;]<\/p>\n","protected":false},"author":2,"featured_media":0,"parent":0,"menu_order":0,"comment_status":"closed","ping_status":"closed","template":"elementor_header_footer","meta":{"site-sidebar-layout":"no-sidebar","site-content-layout":"","ast-site-content-layout":"full-width-container","site-content-style":"default","site-sidebar-style":"default","ast-global-header-display":"","ast-banner-title-visibility":"","ast-main-header-display":"","ast-hfb-above-header-display":"","ast-hfb-below-header-display":"","ast-hfb-mobile-header-display":"","site-post-title":"disabled","ast-breadcrumbs-content":"","ast-featured-img":"disabled","footer-sml-layout":"","ast-disable-related-posts":"","theme-transparent-header-meta":"","adv-header-id-meta":"","stick-header-meta":"","header-above-stick-meta":"","header-main-stick-meta":"","header-below-stick-meta":"","astra-migrate-meta-layouts":"default","ast-page-background-enabled":"default","ast-page-background-meta":{"desktop":{"background-color":"var(--ast-global-color-4)","background-image":"","background-repeat":"repeat","background-position":"center center","background-size":"auto","background-attachment":"scroll","background-type":"","background-media":"","overlay-type":"","overlay-color":"","overlay-opacity":"","overlay-gradient":""},"tablet":{"background-color":"","background-image":"","background-repeat":"repeat","background-position":"center center","background-size":"auto","background-attachment":"scroll","background-type":"","background-media":"","overlay-type":"","overlay-color":"","overlay-opacity":"","overlay-gradient":""},"mobile":{"background-color":"","background-image":"","background-repeat":"repeat","background-position":"center center","background-size":"auto","background-attachment":"scroll","background-type":"","background-media":"","overlay-type":"","overlay-color":"","overlay-opacity":"","overlay-gradient":""}},"ast-content-background-meta":{"desktop":{"background-color":"var(--ast-global-color-5)","background-image":"","background-repeat":"repeat","background-position":"center center","background-size":"auto","background-attachment":"scroll","background-type":"","background-media":"","overlay-type":"","overlay-color":"","overlay-opacity":"","overlay-gradient":""},"tablet":{"background-color":"var(--ast-global-color-5)","background-image":"","background-repeat":"repeat","background-position":"center center","background-size":"auto","background-attachment":"scroll","background-type":"","background-media":"","overlay-type":"","overlay-color":"","overlay-opacity":"","overlay-gradient":""},"mobile":{"background-color":"var(--ast-global-color-5)","background-image":"","background-repeat":"repeat","background-position":"center center","background-size":"auto","background-attachment":"scroll","background-type":"","background-media":"","overlay-type":"","overlay-color":"","overlay-opacity":"","overlay-gradient":""}},"footnotes":""},"class_list":["post-216","page","type-page","status-publish","hentry"],"_hostinger_reach_plugin_has_subscription_block":false,"_hostinger_reach_plugin_is_elementor":false,"_links":{"self":[{"href":"https:\/\/evoltcom.net\/index.php\/wp-json\/wp\/v2\/pages\/216","targetHints":{"allow":["GET"]}}],"collection":[{"href":"https:\/\/evoltcom.net\/index.php\/wp-json\/wp\/v2\/pages"}],"about":[{"href":"https:\/\/evoltcom.net\/index.php\/wp-json\/wp\/v2\/types\/page"}],"author":[{"embeddable":true,"href":"https:\/\/evoltcom.net\/index.php\/wp-json\/wp\/v2\/users\/2"}],"replies":[{"embeddable":true,"href":"https:\/\/evoltcom.net\/index.php\/wp-json\/wp\/v2\/comments?post=216"}],"version-history":[{"count":3,"href":"https:\/\/evoltcom.net\/index.php\/wp-json\/wp\/v2\/pages\/216\/revisions"}],"predecessor-version":[{"id":733,"href":"https:\/\/evoltcom.net\/index.php\/wp-json\/wp\/v2\/pages\/216\/revisions\/733"}],"wp:attachment":[{"href":"https:\/\/evoltcom.net\/index.php\/wp-json\/wp\/v2\/media?parent=216"}],"curies":[{"name":"wp","href":"https:\/\/api.w.org\/{rel}","templated":true}]}}