{"id":192,"date":"2023-12-29T15:46:02","date_gmt":"2023-12-29T15:46:02","guid":{"rendered":"https:\/\/evoltcom.net\/?page_id=192"},"modified":"2025-10-22T15:48:44","modified_gmt":"2025-10-22T15:48:44","slug":"loncophill","status":"publish","type":"page","link":"https:\/\/evoltcom.net\/index.php\/loncophill\/","title":{"rendered":"Loncophill"},"content":{"rendered":"\t\t<div data-elementor-type=\"wp-page\" data-elementor-id=\"192\" class=\"elementor elementor-192\" data-elementor-post-type=\"page\">\n\t\t\t\t<div class=\"elementor-element elementor-element-2aa9ac9 e-con-full e-flex e-con e-parent\" data-id=\"2aa9ac9\" data-element_type=\"container\" data-e-type=\"container\">\n\t\t\t\t<div class=\"elementor-element elementor-element-dd45cca elementor-widget elementor-widget-image\" data-id=\"dd45cca\" data-element_type=\"widget\" data-e-type=\"widget\" data-widget_type=\"image.default\">\n\t\t\t\t<div class=\"elementor-widget-container\">\n\t\t\t\t\t\t\t\t\t\t\t\t\t\t\t<img fetchpriority=\"high\" decoding=\"async\" width=\"1800\" height=\"600\" src=\"https:\/\/evoltcom.net\/wp-content\/uploads\/2023\/12\/banner-Loncophill.webp\" class=\"attachment-full size-full wp-image-148\" alt=\"banner-Loncophill\" srcset=\"https:\/\/evoltcom.net\/wp-content\/uploads\/2023\/12\/banner-Loncophill.webp 1800w, https:\/\/evoltcom.net\/wp-content\/uploads\/2023\/12\/banner-Loncophill-300x100.webp 300w, https:\/\/evoltcom.net\/wp-content\/uploads\/2023\/12\/banner-Loncophill-1024x341.webp 1024w, https:\/\/evoltcom.net\/wp-content\/uploads\/2023\/12\/banner-Loncophill-768x256.webp 768w, https:\/\/evoltcom.net\/wp-content\/uploads\/2023\/12\/banner-Loncophill-1536x512.webp 1536w\" sizes=\"(max-width: 1800px) 100vw, 1800px\" \/>\t\t\t\t\t\t\t\t\t\t\t\t\t\t\t<\/div>\n\t\t\t\t<\/div>\n\t\t\t\t<div class=\"elementor-element elementor-element-00afd87 elementor-widget elementor-widget-heading\" data-id=\"00afd87\" data-element_type=\"widget\" data-e-type=\"widget\" data-settings=\"{&quot;_animation&quot;:&quot;none&quot;,&quot;_animation_mobile&quot;:&quot;zoomIn&quot;}\" data-widget_type=\"heading.default\">\n\t\t\t\t<div class=\"elementor-widget-container\">\n\t\t\t\t\t<h2 class=\"elementor-heading-title elementor-size-default\">Loncophyll<\/h2>\t\t\t\t<\/div>\n\t\t\t\t<\/div>\n\t\t\t\t<\/div>\n\t\t<div class=\"elementor-element elementor-element-8650fed e-flex e-con-boxed e-con e-parent\" data-id=\"8650fed\" data-element_type=\"container\" data-e-type=\"container\">\n\t\t\t\t\t<div class=\"e-con-inner\">\n\t\t<div class=\"elementor-element elementor-element-0a1e709 e-con-full e-flex e-con e-child\" data-id=\"0a1e709\" data-element_type=\"container\" data-e-type=\"container\">\n\t\t\t\t<\/div>\n\t\t<div class=\"elementor-element elementor-element-bac5446 e-con-full e-flex e-con e-child\" data-id=\"bac5446\" data-element_type=\"container\" data-e-type=\"container\">\n\t\t\t\t<div class=\"elementor-element elementor-element-b435d4f elementor-widget elementor-widget-text-editor\" data-id=\"b435d4f\" data-element_type=\"widget\" data-e-type=\"widget\" data-widget_type=\"text-editor.default\">\n\t\t\t\t<div class=\"elementor-widget-container\">\n\t\t\t\t\t\t\t\t\t<p>COMPLEMENTO ALIMENTICIO<br \/>a base de ingredientes de origen vegetal que estimulan y refuerzan el sistema inmunol\u00f3gico y nutren las c\u00e9lulas.<\/p>\t\t\t\t\t\t\t\t<\/div>\n\t\t\t\t<\/div>\n\t\t\t\t<\/div>\n\t\t<div class=\"elementor-element elementor-element-b1655a0 e-con-full e-flex e-con e-child\" data-id=\"b1655a0\" data-element_type=\"container\" data-e-type=\"container\">\n\t\t\t\t<\/div>\n\t\t\t\t\t<\/div>\n\t\t\t\t<\/div>\n\t\t<div class=\"elementor-element elementor-element-2f500b6 e-con-full e-flex e-con e-parent\" data-id=\"2f500b6\" data-element_type=\"container\" data-e-type=\"container\">\n\t\t<div class=\"elementor-element elementor-element-1066018 e-con-full e-flex e-con e-child\" data-id=\"1066018\" data-element_type=\"container\" data-e-type=\"container\">\n\t\t\t\t<div class=\"elementor-element elementor-element-94ccbe9 elementor-widget elementor-widget-text-editor\" data-id=\"94ccbe9\" data-element_type=\"widget\" data-e-type=\"widget\" data-widget_type=\"text-editor.default\">\n\t\t\t\t<div class=\"elementor-widget-container\">\n\t\t\t\t\t\t\t\t\t<p><strong>LONCOPHYLL<\/strong> es un producto 100% natural formulado con 12 fitonutrientes que trabajan sobre 3 sistemas y que ayudan al cuerpo a combatir distintas anomal\u00edas de car\u00e1cter degenerativo.\u00a0<\/p><p>Este producto estimula y potencia a\u00fan m\u00e1s nuestro sistema inmunol\u00f3gico, otorgando la vitalidad que nuestras c\u00e9lulas necesitan.<\/p><p><strong>LONCOPHYLL<\/strong> no es un medicamento, sino un complemento nutricional a basa de ingredientes de origen vegetal que estimulan y refuerzan el sistema inmunol\u00f3gico y nutren las c\u00e9lulas.<\/p>\t\t\t\t\t\t\t\t<\/div>\n\t\t\t\t<\/div>\n\t\t\t\t<div class=\"elementor-element elementor-element-b719404 elementor-widget elementor-widget-text-editor\" data-id=\"b719404\" data-element_type=\"widget\" data-e-type=\"widget\" data-widget_type=\"text-editor.default\">\n\t\t\t\t<div class=\"elementor-widget-container\">\n\t\t\t\t\t\t\t\t\t<p><strong>LONCOPHYLL<\/strong> trabaja sobre 3 sistemas<br \/>SISTEMA INMUNE<br \/>SISTEMA DE NUTRICI\u00d3N CELULAR <br \/>SISTEMA DE DESINTOXICACI\u00d3N<\/p><p>Principalmente recomendado como:<br \/>Dexintoxicante, Antitumoral, Multivitaminico y vigorizante.<br \/>Especial cuidado con:<br \/>Mujeres embarazadas o personas al\u00e9rgicas a alg\u00fan componente de la f\u00f3rmula. Consulte con su m\u00e9dico.<\/p><p><strong>Tomar<\/strong> 1 tableta al d\u00eda<\/p>\t\t\t\t\t\t\t\t<\/div>\n\t\t\t\t<\/div>\n\t\t\t\t<\/div>\n\t\t<div class=\"elementor-element elementor-element-eff3b7a e-con-full e-flex e-con e-child\" data-id=\"eff3b7a\" data-element_type=\"container\" data-e-type=\"container\">\n\t\t\t\t<div class=\"elementor-element elementor-element-1667dee elementor-widget elementor-widget-video\" data-id=\"1667dee\" data-element_type=\"widget\" data-e-type=\"widget\" data-settings=\"{&quot;video_type&quot;:&quot;hosted&quot;,&quot;controls&quot;:&quot;yes&quot;}\" data-widget_type=\"video.default\">\n\t\t\t\t<div class=\"elementor-widget-container\">\n\t\t\t\t\t\t\t<div class=\"e-hosted-video elementor-wrapper elementor-open-inline\">\n\t\t\t\t\t<video class=\"elementor-video\" src=\"https:\/\/evoltcom.net\/wp-content\/uploads\/2023\/12\/Loncophill-video.mp4\" controls=\"\" preload=\"metadata\" controlsList=\"nodownload\"><\/video>\n\t\t\t\t<\/div>\n\t\t\t\t\t\t<\/div>\n\t\t\t\t<\/div>\n\t\t\t\t<div class=\"elementor-element elementor-element-8623e4f elementor-widget-divider--view-line elementor-widget elementor-widget-divider\" data-id=\"8623e4f\" data-element_type=\"widget\" data-e-type=\"widget\" data-widget_type=\"divider.default\">\n\t\t\t\t<div class=\"elementor-widget-container\">\n\t\t\t\t\t\t\t<div class=\"elementor-divider\">\n\t\t\t<span class=\"elementor-divider-separator\">\n\t\t\t\t\t\t<\/span>\n\t\t<\/div>\n\t\t\t\t\t\t<\/div>\n\t\t\t\t<\/div>\n\t\t\t\t<div class=\"elementor-element elementor-element-7d0e575 elementor-widget elementor-widget-text-editor\" data-id=\"7d0e575\" data-element_type=\"widget\" data-e-type=\"widget\" data-widget_type=\"text-editor.default\">\n\t\t\t\t<div class=\"elementor-widget-container\">\n\t\t\t\t\t\t\t\t\t<p><strong>Ingredientes<\/strong>:Diente de Le\u00f3n (Taraxacum officinale), Guan\u00e1bana (Anona muricata), T\u00e9 verde (Camellia sinensis), Hongo Ganoderma (Ganoderma lucidum), Hongo Shiitake (Lentinula edodes), Licopeno (Licopenosa), Saw Palmetto (Serenoa repens), Pygeum (Pygeum Africanum), Mu\u00e9rdago (Viscum album), Ajo (Allium sativum), Ra\u00edz de Ortiga (Urtica dioica) y Polen de Flor (Polen).<\/p><p><strong>CONTENIDO NETO:<\/strong>\u00a0 Frasco con 60 c\u00e1psulas<\/p>\t\t\t\t\t\t\t\t<\/div>\n\t\t\t\t<\/div>\n\t\t\t\t<\/div>\n\t\t\t\t<\/div>\n\t\t<div class=\"elementor-element elementor-element-1433fb2 e-flex e-con-boxed e-con e-parent\" data-id=\"1433fb2\" data-element_type=\"container\" data-e-type=\"container\">\n\t\t\t\t\t<div class=\"e-con-inner\">\n\t\t<div class=\"elementor-element elementor-element-eb6eea3 e-con-full e-flex e-con e-child\" data-id=\"eb6eea3\" data-element_type=\"container\" data-e-type=\"container\">\n\t\t\t\t<\/div>\n\t\t<div class=\"elementor-element elementor-element-e0fe703 e-con-full e-flex e-con e-child\" data-id=\"e0fe703\" data-element_type=\"container\" data-e-type=\"container\">\n\t\t\t\t<div class=\"elementor-element elementor-element-353252a elementor-align-center elementor-widget elementor-widget-button\" data-id=\"353252a\" data-element_type=\"widget\" data-e-type=\"widget\" data-widget_type=\"button.default\">\n\t\t\t\t<div class=\"elementor-widget-container\">\n\t\t\t\t\t\t\t\t\t<div class=\"elementor-button-wrapper\">\n\t\t\t\t\t<a class=\"elementor-button elementor-button-link elementor-size-sm\" href=\"https:\/\/buy.stripe.com\/14kaIoawh5C1aHe3cW\">\n\t\t\t\t\t\t<span class=\"elementor-button-content-wrapper\">\n\t\t\t\t\t\t\t\t\t<span class=\"elementor-button-text\">Comprar<\/span>\n\t\t\t\t\t<\/span>\n\t\t\t\t\t<\/a>\n\t\t\t\t<\/div>\n\t\t\t\t\t\t\t\t<\/div>\n\t\t\t\t<\/div>\n\t\t\t\t<\/div>\n\t\t<div class=\"elementor-element elementor-element-0f08ba0 e-con-full e-flex e-con e-child\" data-id=\"0f08ba0\" data-element_type=\"container\" data-e-type=\"container\">\n\t\t\t\t<\/div>\n\t\t\t\t\t<\/div>\n\t\t\t\t<\/div>\n\t\t\t\t<\/div>\n\t\t","protected":false},"excerpt":{"rendered":"<p>Loncophyll COMPLEMENTO ALIMENTICIOa base de ingredientes de origen vegetal que estimulan y refuerzan el sistema inmunol\u00f3gico y nutren las c\u00e9lulas. LONCOPHYLL es un producto 100% natural formulado con 12 fitonutrientes que trabajan sobre 3 sistemas y que ayudan al cuerpo a combatir distintas anomal\u00edas de car\u00e1cter degenerativo.\u00a0 Este producto estimula y potencia a\u00fan m\u00e1s nuestro [&hellip;]<\/p>\n","protected":false},"author":2,"featured_media":0,"parent":0,"menu_order":0,"comment_status":"closed","ping_status":"closed","template":"elementor_header_footer","meta":{"site-sidebar-layout":"no-sidebar","site-content-layout":"","ast-site-content-layout":"full-width-container","site-content-style":"default","site-sidebar-style":"default","ast-global-header-display":"","ast-banner-title-visibility":"","ast-main-header-display":"","ast-hfb-above-header-display":"","ast-hfb-below-header-display":"","ast-hfb-mobile-header-display":"","site-post-title":"disabled","ast-breadcrumbs-content":"","ast-featured-img":"disabled","footer-sml-layout":"","ast-disable-related-posts":"","theme-transparent-header-meta":"","adv-header-id-meta":"","stick-header-meta":"","header-above-stick-meta":"","header-main-stick-meta":"","header-below-stick-meta":"","astra-migrate-meta-layouts":"default","ast-page-background-enabled":"default","ast-page-background-meta":{"desktop":{"background-color":"var(--ast-global-color-4)","background-image":"","background-repeat":"repeat","background-position":"center center","background-size":"auto","background-attachment":"scroll","background-type":"","background-media":"","overlay-type":"","overlay-color":"","overlay-opacity":"","overlay-gradient":""},"tablet":{"background-color":"","background-image":"","background-repeat":"repeat","background-position":"center center","background-size":"auto","background-attachment":"scroll","background-type":"","background-media":"","overlay-type":"","overlay-color":"","overlay-opacity":"","overlay-gradient":""},"mobile":{"background-color":"","background-image":"","background-repeat":"repeat","background-position":"center center","background-size":"auto","background-attachment":"scroll","background-type":"","background-media":"","overlay-type":"","overlay-color":"","overlay-opacity":"","overlay-gradient":""}},"ast-content-background-meta":{"desktop":{"background-color":"var(--ast-global-color-5)","background-image":"","background-repeat":"repeat","background-position":"center center","background-size":"auto","background-attachment":"scroll","background-type":"","background-media":"","overlay-type":"","overlay-color":"","overlay-opacity":"","overlay-gradient":""},"tablet":{"background-color":"var(--ast-global-color-5)","background-image":"","background-repeat":"repeat","background-position":"center center","background-size":"auto","background-attachment":"scroll","background-type":"","background-media":"","overlay-type":"","overlay-color":"","overlay-opacity":"","overlay-gradient":""},"mobile":{"background-color":"var(--ast-global-color-5)","background-image":"","background-repeat":"repeat","background-position":"center center","background-size":"auto","background-attachment":"scroll","background-type":"","background-media":"","overlay-type":"","overlay-color":"","overlay-opacity":"","overlay-gradient":""}},"footnotes":""},"class_list":["post-192","page","type-page","status-publish","hentry"],"_hostinger_reach_plugin_has_subscription_block":false,"_hostinger_reach_plugin_is_elementor":false,"_links":{"self":[{"href":"https:\/\/evoltcom.net\/index.php\/wp-json\/wp\/v2\/pages\/192","targetHints":{"allow":["GET"]}}],"collection":[{"href":"https:\/\/evoltcom.net\/index.php\/wp-json\/wp\/v2\/pages"}],"about":[{"href":"https:\/\/evoltcom.net\/index.php\/wp-json\/wp\/v2\/types\/page"}],"author":[{"embeddable":true,"href":"https:\/\/evoltcom.net\/index.php\/wp-json\/wp\/v2\/users\/2"}],"replies":[{"embeddable":true,"href":"https:\/\/evoltcom.net\/index.php\/wp-json\/wp\/v2\/comments?post=192"}],"version-history":[{"count":3,"href":"https:\/\/evoltcom.net\/index.php\/wp-json\/wp\/v2\/pages\/192\/revisions"}],"predecessor-version":[{"id":730,"href":"https:\/\/evoltcom.net\/index.php\/wp-json\/wp\/v2\/pages\/192\/revisions\/730"}],"wp:attachment":[{"href":"https:\/\/evoltcom.net\/index.php\/wp-json\/wp\/v2\/media?parent=192"}],"curies":[{"name":"wp","href":"https:\/\/api.w.org\/{rel}","templated":true}]}}