{"id":141,"date":"2023-12-29T13:58:26","date_gmt":"2023-12-29T13:58:26","guid":{"rendered":"https:\/\/evoltcom.net\/?page_id=141"},"modified":"2025-10-22T15:47:38","modified_gmt":"2025-10-22T15:47:38","slug":"genoxidil","status":"publish","type":"page","link":"https:\/\/evoltcom.net\/index.php\/genoxidil\/","title":{"rendered":"Genoxidil"},"content":{"rendered":"\t\t<div data-elementor-type=\"wp-page\" data-elementor-id=\"141\" class=\"elementor elementor-141\" data-elementor-post-type=\"page\">\n\t\t\t\t<div class=\"elementor-element elementor-element-2aa9ac9 e-con-full e-flex e-con e-parent\" data-id=\"2aa9ac9\" data-element_type=\"container\" data-e-type=\"container\">\n\t\t\t\t<div class=\"elementor-element elementor-element-dd45cca elementor-widget elementor-widget-image\" data-id=\"dd45cca\" data-element_type=\"widget\" data-e-type=\"widget\" data-widget_type=\"image.default\">\n\t\t\t\t<div class=\"elementor-widget-container\">\n\t\t\t\t\t\t\t\t\t\t\t\t\t\t\t<img fetchpriority=\"high\" decoding=\"async\" width=\"1800\" height=\"600\" src=\"https:\/\/evoltcom.net\/wp-content\/uploads\/2023\/12\/banner-genoxidil.webp\" class=\"attachment-full size-full wp-image-147\" alt=\"banner-genoxidil\" srcset=\"https:\/\/evoltcom.net\/wp-content\/uploads\/2023\/12\/banner-genoxidil.webp 1800w, https:\/\/evoltcom.net\/wp-content\/uploads\/2023\/12\/banner-genoxidil-300x100.webp 300w, https:\/\/evoltcom.net\/wp-content\/uploads\/2023\/12\/banner-genoxidil-1024x341.webp 1024w, https:\/\/evoltcom.net\/wp-content\/uploads\/2023\/12\/banner-genoxidil-768x256.webp 768w, https:\/\/evoltcom.net\/wp-content\/uploads\/2023\/12\/banner-genoxidil-1536x512.webp 1536w\" sizes=\"(max-width: 1800px) 100vw, 1800px\" \/>\t\t\t\t\t\t\t\t\t\t\t\t\t\t\t<\/div>\n\t\t\t\t<\/div>\n\t\t\t\t<div class=\"elementor-element elementor-element-00afd87 elementor-widget elementor-widget-heading\" data-id=\"00afd87\" data-element_type=\"widget\" data-e-type=\"widget\" data-settings=\"{&quot;_animation&quot;:&quot;none&quot;,&quot;_animation_mobile&quot;:&quot;zoomIn&quot;}\" data-widget_type=\"heading.default\">\n\t\t\t\t<div class=\"elementor-widget-container\">\n\t\t\t\t\t<h2 class=\"elementor-heading-title elementor-size-default\">Genoxidil\n<\/h2>\t\t\t\t<\/div>\n\t\t\t\t<\/div>\n\t\t\t\t<\/div>\n\t\t<div class=\"elementor-element elementor-element-8650fed e-flex e-con-boxed e-con e-parent\" data-id=\"8650fed\" data-element_type=\"container\" data-e-type=\"container\">\n\t\t\t\t\t<div class=\"e-con-inner\">\n\t\t<div class=\"elementor-element elementor-element-0a1e709 e-con-full e-flex e-con e-child\" data-id=\"0a1e709\" data-element_type=\"container\" data-e-type=\"container\">\n\t\t\t\t<\/div>\n\t\t<div class=\"elementor-element elementor-element-bac5446 e-con-full e-flex e-con e-child\" data-id=\"bac5446\" data-element_type=\"container\" data-e-type=\"container\">\n\t\t\t\t<div class=\"elementor-element elementor-element-b435d4f elementor-widget elementor-widget-text-editor\" data-id=\"b435d4f\" data-element_type=\"widget\" data-e-type=\"widget\" data-widget_type=\"text-editor.default\">\n\t\t\t\t<div class=\"elementor-widget-container\">\n\t\t\t\t\t\t\t\t\t<p>GENOXIDIL Suplemento Alimenticio. NrF2\u00a0\u00a0 Estimuladores Nrf2, Glutati\u00f3n,\u00a0 Enfermedades Cr\u00f3nico Degenerativas y Terapia Anti Edad LA MEJOR FORMULA 100% NATURAL<\/p>\t\t\t\t\t\t\t\t<\/div>\n\t\t\t\t<\/div>\n\t\t\t\t<\/div>\n\t\t<div class=\"elementor-element elementor-element-b1655a0 e-con-full e-flex e-con e-child\" data-id=\"b1655a0\" data-element_type=\"container\" data-e-type=\"container\">\n\t\t\t\t<\/div>\n\t\t\t\t\t<\/div>\n\t\t\t\t<\/div>\n\t\t<div class=\"elementor-element elementor-element-2f500b6 e-con-full e-flex e-con e-parent\" data-id=\"2f500b6\" data-element_type=\"container\" data-e-type=\"container\">\n\t\t<div class=\"elementor-element elementor-element-1066018 e-con-full e-flex e-con e-child\" data-id=\"1066018\" data-element_type=\"container\" data-e-type=\"container\">\n\t\t\t\t<div class=\"elementor-element elementor-element-83753d7 elementor-widget elementor-widget-text-editor\" data-id=\"83753d7\" data-element_type=\"widget\" data-e-type=\"widget\" data-widget_type=\"text-editor.default\">\n\t\t\t\t<div class=\"elementor-widget-container\">\n\t\t\t\t\t\t\t\t\t<p>Contiene m\u00e1s de 50 fitonutrientes 100% naturales y del lugar de origen, que hacen sinergia entre s\u00ed, para lograr el perfecto equilibrio. Esta f\u00f3rmula act\u00faa sobre 5 Sistemas, que mejoran procesos metab\u00f3licos y potencializan funciones vitales para lograr la salud. Es nutrici\u00f3n a nivel celular.<\/p>\t\t\t\t\t\t\t\t<\/div>\n\t\t\t\t<\/div>\n\t\t\t\t<div class=\"elementor-element elementor-element-b719404 elementor-widget elementor-widget-text-editor\" data-id=\"b719404\" data-element_type=\"widget\" data-e-type=\"widget\" data-widget_type=\"text-editor.default\">\n\t\t\t\t<div class=\"elementor-widget-container\">\n\t\t\t\t\t\t\t\t\t<p><strong>SISTEMA ANTIEDAD<\/strong><br \/>Provoca la Liberaci\u00f3n de C\u00e9lulas Madre Adultas, regenerando los \u00f3rganos entre ellos la piel.<\/p><p><strong>SISTEMA ANTIOXIDANTE<\/strong><br \/>Interviene en la s\u00edntesis y reparaci\u00f3n del ADN, su deficiencia se relaciona con problemas autoinmunes.<\/p><p><strong>SISTEMA INMUNE<\/strong><br \/>Reduce la fatiga mental y fortalece el sistema inmune. Mejora la disponibilidad de Serotonina y de Dopamina.<\/p><p><strong>SISTEMA DE NUTRICI\u00d3N CELULAR<\/strong> <br \/><span style=\"font-size: 16px;\">Contiene Alga Espirulina que es la fuente m\u00e1s rica en Vitamina B12 y Hierro.<\/span><\/p><p><strong>SISTEMA DE DESINTOXICACI\u00d3N<\/strong><br \/>Favorece la digesti\u00f3n porque estimula las gl\u00e1ndulas salivales y las g\u00e1stricas.<\/p>\t\t\t\t\t\t\t\t<\/div>\n\t\t\t\t<\/div>\n\t\t\t\t<\/div>\n\t\t<div class=\"elementor-element elementor-element-eff3b7a e-con-full e-flex e-con e-child\" data-id=\"eff3b7a\" data-element_type=\"container\" data-e-type=\"container\">\n\t\t\t\t<div class=\"elementor-element elementor-element-1667dee elementor-widget elementor-widget-video\" data-id=\"1667dee\" data-element_type=\"widget\" data-e-type=\"widget\" data-settings=\"{&quot;video_type&quot;:&quot;hosted&quot;,&quot;controls&quot;:&quot;yes&quot;}\" data-widget_type=\"video.default\">\n\t\t\t\t<div class=\"elementor-widget-container\">\n\t\t\t\t\t\t\t<div class=\"e-hosted-video elementor-wrapper elementor-open-inline\">\n\t\t\t\t\t<video class=\"elementor-video\" src=\"https:\/\/evoltcom.net\/wp-content\/uploads\/2023\/12\/Genoxidil_1.mp4\" controls=\"\" preload=\"metadata\" controlsList=\"nodownload\"><\/video>\n\t\t\t\t<\/div>\n\t\t\t\t\t\t<\/div>\n\t\t\t\t<\/div>\n\t\t\t\t<div class=\"elementor-element elementor-element-8623e4f elementor-widget-divider--view-line elementor-widget elementor-widget-divider\" data-id=\"8623e4f\" data-element_type=\"widget\" data-e-type=\"widget\" data-widget_type=\"divider.default\">\n\t\t\t\t<div class=\"elementor-widget-container\">\n\t\t\t\t\t\t\t<div class=\"elementor-divider\">\n\t\t\t<span class=\"elementor-divider-separator\">\n\t\t\t\t\t\t<\/span>\n\t\t<\/div>\n\t\t\t\t\t\t<\/div>\n\t\t\t\t<\/div>\n\t\t\t\t<div class=\"elementor-element elementor-element-7d0e575 elementor-widget elementor-widget-text-editor\" data-id=\"7d0e575\" data-element_type=\"widget\" data-e-type=\"widget\" data-widget_type=\"text-editor.default\">\n\t\t\t\t<div class=\"elementor-widget-container\">\n\t\t\t\t\t\t\t\t\t<p><strong>Ingredientes<\/strong>: Glutation, Shiitake, Curcumina, T\u00e9 Verde, Rhodiola Rosea, Espirulina, Diente de Le\u00f3n, Ch\u00eda, Romero, Guan\u00e1bana, Licopeno, Pygeum, Semilla de Uva (Vitis vin\u00edfera), Alga Cianoficia,\u00a0 Clorofila, Astragalus, Goji, Mangost\u00e1n, Noni, Acai, Astaxhantina, Polisac\u00e1ridos P\u00e9ptidos, Resveratrol, Calcio de Coral, Vitamina A, Vitamina D3, Vitamina E, Vitamina k1, Vitamina B1, Vitamina B2, Vitamina B3, Vitamina B6, Vitamina B12, Vitamina B5, \u00c1cido F\u00f3lico, Vitamina H, Vitamina C, Calcio, Potasio, F\u00f3sforo, Magnesio, Hierro, Zinc, Manganeso, Cobre, L-Ciste\u00edna, L-Leucina, L-Arginina, Theanina, Tript\u00f3fano, L-Isoleucina y L-Valina.\u00a0\u00a0<br \/><br \/><strong>CONTENIDO NETO:<\/strong>\u00a0 Frasco con 30 C\u00e1psulas<\/p>\t\t\t\t\t\t\t\t<\/div>\n\t\t\t\t<\/div>\n\t\t\t\t<\/div>\n\t\t\t\t<\/div>\n\t\t<div class=\"elementor-element elementor-element-1433fb2 e-flex e-con-boxed e-con e-parent\" data-id=\"1433fb2\" data-element_type=\"container\" data-e-type=\"container\">\n\t\t\t\t\t<div class=\"e-con-inner\">\n\t\t<div class=\"elementor-element elementor-element-eb6eea3 e-con-full e-flex e-con e-child\" data-id=\"eb6eea3\" data-element_type=\"container\" data-e-type=\"container\">\n\t\t\t\t<\/div>\n\t\t<div class=\"elementor-element elementor-element-e0fe703 e-con-full e-flex e-con e-child\" data-id=\"e0fe703\" data-element_type=\"container\" data-e-type=\"container\">\n\t\t\t\t<div class=\"elementor-element elementor-element-353252a elementor-align-center elementor-widget elementor-widget-button\" data-id=\"353252a\" data-element_type=\"widget\" data-e-type=\"widget\" data-widget_type=\"button.default\">\n\t\t\t\t<div class=\"elementor-widget-container\">\n\t\t\t\t\t\t\t\t\t<div class=\"elementor-button-wrapper\">\n\t\t\t\t\t<a class=\"elementor-button elementor-button-link elementor-size-sm\" href=\"https:\/\/buy.stripe.com\/5kA4k0dItc0paHe5l3\">\n\t\t\t\t\t\t<span class=\"elementor-button-content-wrapper\">\n\t\t\t\t\t\t\t\t\t<span class=\"elementor-button-text\">Comprar<\/span>\n\t\t\t\t\t<\/span>\n\t\t\t\t\t<\/a>\n\t\t\t\t<\/div>\n\t\t\t\t\t\t\t\t<\/div>\n\t\t\t\t<\/div>\n\t\t\t\t<\/div>\n\t\t<div class=\"elementor-element elementor-element-0f08ba0 e-con-full e-flex e-con e-child\" data-id=\"0f08ba0\" data-element_type=\"container\" data-e-type=\"container\">\n\t\t\t\t<\/div>\n\t\t\t\t\t<\/div>\n\t\t\t\t<\/div>\n\t\t\t\t<\/div>\n\t\t","protected":false},"excerpt":{"rendered":"<p>Genoxidil GENOXIDIL Suplemento Alimenticio. NrF2\u00a0\u00a0 Estimuladores Nrf2, Glutati\u00f3n,\u00a0 Enfermedades Cr\u00f3nico Degenerativas y Terapia Anti Edad LA MEJOR FORMULA 100% NATURAL Contiene m\u00e1s de 50 fitonutrientes 100% naturales y del lugar de origen, que hacen sinergia entre s\u00ed, para lograr el perfecto equilibrio. Esta f\u00f3rmula act\u00faa sobre 5 Sistemas, que mejoran procesos metab\u00f3licos y potencializan funciones [&hellip;]<\/p>\n","protected":false},"author":2,"featured_media":0,"parent":0,"menu_order":0,"comment_status":"closed","ping_status":"closed","template":"elementor_header_footer","meta":{"site-sidebar-layout":"no-sidebar","site-content-layout":"","ast-site-content-layout":"full-width-container","site-content-style":"default","site-sidebar-style":"default","ast-global-header-display":"","ast-banner-title-visibility":"","ast-main-header-display":"","ast-hfb-above-header-display":"","ast-hfb-below-header-display":"","ast-hfb-mobile-header-display":"","site-post-title":"disabled","ast-breadcrumbs-content":"","ast-featured-img":"disabled","footer-sml-layout":"","ast-disable-related-posts":"","theme-transparent-header-meta":"","adv-header-id-meta":"","stick-header-meta":"","header-above-stick-meta":"","header-main-stick-meta":"","header-below-stick-meta":"","astra-migrate-meta-layouts":"default","ast-page-background-enabled":"default","ast-page-background-meta":{"desktop":{"background-color":"var(--ast-global-color-4)","background-image":"","background-repeat":"repeat","background-position":"center center","background-size":"auto","background-attachment":"scroll","background-type":"","background-media":"","overlay-type":"","overlay-color":"","overlay-opacity":"","overlay-gradient":""},"tablet":{"background-color":"","background-image":"","background-repeat":"repeat","background-position":"center center","background-size":"auto","background-attachment":"scroll","background-type":"","background-media":"","overlay-type":"","overlay-color":"","overlay-opacity":"","overlay-gradient":""},"mobile":{"background-color":"","background-image":"","background-repeat":"repeat","background-position":"center center","background-size":"auto","background-attachment":"scroll","background-type":"","background-media":"","overlay-type":"","overlay-color":"","overlay-opacity":"","overlay-gradient":""}},"ast-content-background-meta":{"desktop":{"background-color":"var(--ast-global-color-5)","background-image":"","background-repeat":"repeat","background-position":"center center","background-size":"auto","background-attachment":"scroll","background-type":"","background-media":"","overlay-type":"","overlay-color":"","overlay-opacity":"","overlay-gradient":""},"tablet":{"background-color":"var(--ast-global-color-5)","background-image":"","background-repeat":"repeat","background-position":"center center","background-size":"auto","background-attachment":"scroll","background-type":"","background-media":"","overlay-type":"","overlay-color":"","overlay-opacity":"","overlay-gradient":""},"mobile":{"background-color":"var(--ast-global-color-5)","background-image":"","background-repeat":"repeat","background-position":"center center","background-size":"auto","background-attachment":"scroll","background-type":"","background-media":"","overlay-type":"","overlay-color":"","overlay-opacity":"","overlay-gradient":""}},"footnotes":""},"class_list":["post-141","page","type-page","status-publish","hentry"],"_hostinger_reach_plugin_has_subscription_block":false,"_hostinger_reach_plugin_is_elementor":false,"_links":{"self":[{"href":"https:\/\/evoltcom.net\/index.php\/wp-json\/wp\/v2\/pages\/141","targetHints":{"allow":["GET"]}}],"collection":[{"href":"https:\/\/evoltcom.net\/index.php\/wp-json\/wp\/v2\/pages"}],"about":[{"href":"https:\/\/evoltcom.net\/index.php\/wp-json\/wp\/v2\/types\/page"}],"author":[{"embeddable":true,"href":"https:\/\/evoltcom.net\/index.php\/wp-json\/wp\/v2\/users\/2"}],"replies":[{"embeddable":true,"href":"https:\/\/evoltcom.net\/index.php\/wp-json\/wp\/v2\/comments?post=141"}],"version-history":[{"count":3,"href":"https:\/\/evoltcom.net\/index.php\/wp-json\/wp\/v2\/pages\/141\/revisions"}],"predecessor-version":[{"id":727,"href":"https:\/\/evoltcom.net\/index.php\/wp-json\/wp\/v2\/pages\/141\/revisions\/727"}],"wp:attachment":[{"href":"https:\/\/evoltcom.net\/index.php\/wp-json\/wp\/v2\/media?parent=141"}],"curies":[{"name":"wp","href":"https:\/\/api.w.org\/{rel}","templated":true}]}}